{"id":236,"date":"2023-01-30T11:11:56","date_gmt":"2023-01-30T14:11:56","guid":{"rendered":"http:\/\/site1373050815.provisorio.ws\/site\/?page_id=236"},"modified":"2023-06-29T10:27:07","modified_gmt":"2023-06-29T13:27:07","slug":"sobre","status":"publish","type":"page","link":"https:\/\/cooptac.coop.br\/site\/index.php\/sobre\/","title":{"rendered":"A COOPTAC"},"content":{"rendered":"\n<p><strong><em>A Cooperativa de Trasnporte da Regi\u00e3o Sudoeste Serrana &#8211; COOPTAC<\/em><\/strong><\/p>\n\n\n\n<p>Foi constitu\u00edda em 26 de abril de 2003 na cidade de <strong><em>Afonso Cl\u00e1udio &#8211; ES<\/em><\/strong>. A Cooperativa desde o in\u00edcio <strong><em>trabalhou<\/em><\/strong> dentro de uma gest\u00e3o planejada visando satisfazer aos anseios de seus <strong><em>cooperados<\/em><\/strong> e prestar um servi\u00e7o diferenciado para seus clientes. Os limites do munic\u00edpio sede foram ultrapassados e a <em><strong>COOPTAC<\/strong><\/em> hoje presta servi\u00e7os em v\u00e1rios <strong><em>munic\u00edpios<\/em><\/strong> da Regi\u00e3o Sudoeste Serrana Capixaba e em todo o Estado do Esp\u00edrito Santo. Em 25 de julho de 2003 registrou-se na <strong><em>OCB\/ES<\/em><\/strong> &#8211; Sindicato e Organiza\u00e7\u00e3o das Cooperativas Brasileiras no Estado do Esp\u00edrito Santo \u00e0 qual submete a Cooperativa anualmente ao Programa de Certifica\u00e7\u00e3o de Regularidade T\u00e9cnica, onde a <strong><em>COOPTAC<\/em><\/strong> mant\u00e9m sua pontua\u00e7\u00e3o entre as melhores cooperativas do Estado.<\/p>\n\n\n<div class=\"wp-block-image\">\n<figure class=\"aligncenter size-full\"><img loading=\"lazy\" decoding=\"async\" width=\"800\" height=\"50\" src=\"https:\/\/cooptac.coop.br\/site\/wp-content\/uploads\/2023\/06\/Separador.png\" alt=\"\" class=\"wp-image-789\" srcset=\"https:\/\/cooptac.coop.br\/site\/wp-content\/uploads\/2023\/06\/Separador.png 800w, https:\/\/cooptac.coop.br\/site\/wp-content\/uploads\/2023\/06\/Separador-300x19.png 300w, https:\/\/cooptac.coop.br\/site\/wp-content\/uploads\/2023\/06\/Separador-768x48.png 768w\" sizes=\"(max-width: 800px) 100vw, 800px\" \/><\/figure><\/div>\n\n\n<p><strong><em>A COOPERATIVA<\/em><\/strong><\/p>\n\n\n\n<p>Economicamente organizada de forma democr\u00e1tica, isto \u00e9, contando com a participa\u00e7\u00e3o livre de todos e respeitando direitos e deveres de cada um de seus cooperados, aos quais presta servi\u00e7os.<\/p>\n\n\n\n<p><strong>Princ\u00edpios<\/strong><\/p>\n\n\n\n<p><strong>&gt;&gt;<\/strong> Ades\u00e3o volunt\u00e1ria;<\/p>\n\n\n\n<p><strong>&gt;&gt;<\/strong> Gest\u00e3o democr\u00e1tica;<\/p>\n\n\n\n<p><strong>&gt;&gt;<\/strong> Participa\u00e7\u00e3o econ\u00f4mica;<\/p>\n\n\n\n<p><strong>&gt;&gt;<\/strong> Autonomia e independ\u00eancia;<\/p>\n\n\n\n<p><strong>&gt;&gt;<\/strong> Forma\u00e7\u00e3o e informa\u00e7\u00e3o;<\/p>\n\n\n\n<p><strong>&gt;&gt;<\/strong> Intercoopera\u00e7\u00e3o;<\/p>\n\n\n\n<p><strong>&gt;&gt;<\/strong> Interesse pela comunidade:<\/p>\n\n\n<div class=\"wp-block-image\">\n<figure class=\"aligncenter size-full\"><img loading=\"lazy\" decoding=\"async\" width=\"800\" height=\"50\" src=\"https:\/\/cooptac.coop.br\/site\/wp-content\/uploads\/2023\/06\/Separador.png\" alt=\"\" class=\"wp-image-789\" srcset=\"https:\/\/cooptac.coop.br\/site\/wp-content\/uploads\/2023\/06\/Separador.png 800w, https:\/\/cooptac.coop.br\/site\/wp-content\/uploads\/2023\/06\/Separador-300x19.png 300w, https:\/\/cooptac.coop.br\/site\/wp-content\/uploads\/2023\/06\/Separador-768x48.png 768w\" sizes=\"(max-width: 800px) 100vw, 800px\" \/><\/figure><\/div>\n\n\n<p><strong><em>Qualidade<\/em><\/strong><\/p>\n\n\n\n<blockquote class=\"wp-block-quote is-layout-flow wp-block-quote-is-layout-flow\">\n<p><em>Com frequ\u00eancia a Cooperativa aperfei\u00e7oa seu quadro social e pessoal, dispondo de motoristas que trabalham com seriedade e profissionalismo, com uma gest\u00e3o participativa e progressiva, a COOPTAC valoriza seus cooperados, colaboradores e clientes, a COOPTAC conta com uma frota renovada com ve\u00edculos do tipo Kombi, Vans, Topic, Micro-\u00f4nibus e \u00d4nibus. Com atendimento personalizado e diferenciado do mercado, oferecemos transportes e servi\u00e7os que propicia grande satisfa\u00e7\u00e3o e fidelidade de seus clientes. Viaje tranquilo, com conforto e seguran\u00e7a, fa\u00e7a-nos uma visita.<\/em><\/p>\n<\/blockquote>\n\n\n<div class=\"wp-block-image\">\n<figure class=\"aligncenter size-full\"><img loading=\"lazy\" decoding=\"async\" width=\"800\" height=\"50\" src=\"https:\/\/cooptac.coop.br\/site\/wp-content\/uploads\/2023\/06\/Separador.png\" alt=\"\" class=\"wp-image-789\" srcset=\"https:\/\/cooptac.coop.br\/site\/wp-content\/uploads\/2023\/06\/Separador.png 800w, https:\/\/cooptac.coop.br\/site\/wp-content\/uploads\/2023\/06\/Separador-300x19.png 300w, https:\/\/cooptac.coop.br\/site\/wp-content\/uploads\/2023\/06\/Separador-768x48.png 768w\" sizes=\"(max-width: 800px) 100vw, 800px\" \/><\/figure><\/div>\n\n<div class=\"wp-block-image\">\n<figure class=\"aligncenter size-large is-resized\"><img loading=\"lazy\" decoding=\"async\" src=\"https:\/\/cooptac.coop.br\/site\/wp-content\/uploads\/2023\/06\/Pilares-Cooptac-1-1024x768.png\" alt=\"\" class=\"wp-image-868\" width=\"1073\" height=\"805\" srcset=\"https:\/\/cooptac.coop.br\/site\/wp-content\/uploads\/2023\/06\/Pilares-Cooptac-1-1024x768.png 1024w, https:\/\/cooptac.coop.br\/site\/wp-content\/uploads\/2023\/06\/Pilares-Cooptac-1-300x225.png 300w, https:\/\/cooptac.coop.br\/site\/wp-content\/uploads\/2023\/06\/Pilares-Cooptac-1-768x576.png 768w, https:\/\/cooptac.coop.br\/site\/wp-content\/uploads\/2023\/06\/Pilares-Cooptac-1-1536x1152.png 1536w, https:\/\/cooptac.coop.br\/site\/wp-content\/uploads\/2023\/06\/Pilares-Cooptac-1-2048x1536.png 2048w\" sizes=\"(max-width: 1073px) 100vw, 1073px\" \/><\/figure><\/div>","protected":false},"excerpt":{"rendered":"<p>A Cooperativa de Trasnporte da Regi\u00e3o Sudoeste Serrana &#8211; COOPTAC Foi constitu\u00edda em 26 de abril de 2003 na cidade de Afonso Cl\u00e1udio &#8211; ES. A Cooperativa desde o in\u00edcio trabalhou dentro de uma gest\u00e3o planejada visando satisfazer aos anseios de seus cooperados e prestar um servi\u00e7o diferenciado para seus clientes. Os limites do munic\u00edpio [&hellip;]<\/p>\n","protected":false},"author":1,"featured_media":0,"parent":0,"menu_order":0,"comment_status":"closed","ping_status":"closed","template":"","meta":{"footnotes":""},"class_list":["post-236","page","type-page","status-publish","hentry"],"_links":{"self":[{"href":"https:\/\/cooptac.coop.br\/site\/index.php\/wp-json\/wp\/v2\/pages\/236"}],"collection":[{"href":"https:\/\/cooptac.coop.br\/site\/index.php\/wp-json\/wp\/v2\/pages"}],"about":[{"href":"https:\/\/cooptac.coop.br\/site\/index.php\/wp-json\/wp\/v2\/types\/page"}],"author":[{"embeddable":true,"href":"https:\/\/cooptac.coop.br\/site\/index.php\/wp-json\/wp\/v2\/users\/1"}],"replies":[{"embeddable":true,"href":"https:\/\/cooptac.coop.br\/site\/index.php\/wp-json\/wp\/v2\/comments?post=236"}],"version-history":[{"count":0,"href":"https:\/\/cooptac.coop.br\/site\/index.php\/wp-json\/wp\/v2\/pages\/236\/revisions"}],"wp:attachment":[{"href":"https:\/\/cooptac.coop.br\/site\/index.php\/wp-json\/wp\/v2\/media?parent=236"}],"curies":[{"name":"wp","href":"https:\/\/api.w.org\/{rel}","templated":true}]}}